{"id":146,"date":"2025-03-18T22:00:53","date_gmt":"2025-03-18T22:00:53","guid":{"rendered":"https:\/\/mindfulnessycompasion.com\/?page_id=146"},"modified":"2025-04-06T14:24:34","modified_gmt":"2025-04-06T14:24:34","slug":"aviso-legal","status":"publish","type":"page","link":"https:\/\/mindfulnessycompasion.com\/index.php\/aviso-legal\/","title":{"rendered":"Aviso Legal"},"content":{"rendered":"\t\t<div data-elementor-type=\"wp-page\" data-elementor-id=\"146\" class=\"elementor elementor-146\" data-elementor-post-type=\"page\">\n\t\t\t\t<div class=\"elementor-element elementor-element-28535068 e-flex e-con-boxed e-con e-parent\" data-id=\"28535068\" data-element_type=\"container\" data-settings=\"{&quot;background_background&quot;:&quot;gradient&quot;}\">\n\t\t\t\t\t<div class=\"e-con-inner\">\n\t\t<div class=\"elementor-element elementor-element-55bd1378 e-flex e-con-boxed e-con e-child\" data-id=\"55bd1378\" data-element_type=\"container\">\n\t\t\t\t\t<div class=\"e-con-inner\">\n\t\t\t\t<div class=\"elementor-element elementor-element-22c91445 elementor-invisible elementor-widget elementor-widget-heading\" data-id=\"22c91445\" data-element_type=\"widget\" data-settings=\"{&quot;_animation&quot;:&quot;fadeInUp&quot;}\" data-widget_type=\"heading.default\">\n\t\t\t\t<div class=\"elementor-widget-container\">\n\t\t\t\t\t<h1 class=\"elementor-heading-title elementor-size-default\">Aviso Legal<\/h1>\t\t\t\t<\/div>\n\t\t\t\t<\/div>\n\t\t\t\t\t<\/div>\n\t\t\t\t<\/div>\n\t\t\t\t\t<\/div>\n\t\t\t\t<\/div>\n\t\t<div class=\"elementor-element elementor-element-c0cebea e-flex e-con-boxed e-con e-parent\" data-id=\"c0cebea\" data-element_type=\"container\" data-settings=\"{&quot;background_background&quot;:&quot;classic&quot;}\">\n\t\t\t\t\t<div class=\"e-con-inner\">\n\t\t<div class=\"elementor-element elementor-element-1975349c e-flex e-con-boxed e-con e-child\" data-id=\"1975349c\" data-element_type=\"container\">\n\t\t\t\t\t<div class=\"e-con-inner\">\n\t\t\t\t<div class=\"elementor-element elementor-element-a2693f6 elementor-invisible elementor-widget elementor-widget-heading\" data-id=\"a2693f6\" data-element_type=\"widget\" data-settings=\"{&quot;_animation&quot;:&quot;fadeInUp&quot;}\" data-widget_type=\"heading.default\">\n\t\t\t\t<div class=\"elementor-widget-container\">\n\t\t\t\t\t<h6 class=\"elementor-heading-title elementor-size-default\">Formularios web<\/h6>\t\t\t\t<\/div>\n\t\t\t\t<\/div>\n\t\t\t\t<div class=\"elementor-element elementor-element-438a344d elementor-invisible elementor-widget elementor-widget-heading\" data-id=\"438a344d\" data-element_type=\"widget\" data-settings=\"{&quot;_animation&quot;:&quot;fadeInUp&quot;,&quot;_animation_delay&quot;:200}\" data-widget_type=\"heading.default\">\n\t\t\t\t<div class=\"elementor-widget-container\">\n\t\t\t\t\t<h2 class=\"elementor-heading-title elementor-size-default\">Protecci\u00f3n de datos personales<\/h2>\t\t\t\t<\/div>\n\t\t\t\t<\/div>\n\t\t\t\t\t<\/div>\n\t\t\t\t<\/div>\n\t\t<div class=\"elementor-element elementor-element-609adb56 e-flex e-con-boxed e-con e-child\" data-id=\"609adb56\" data-element_type=\"container\">\n\t\t\t\t\t<div class=\"e-con-inner\">\n\t\t\t\t<div class=\"elementor-element elementor-element-14ae920 elementor-widget elementor-widget-text-editor\" data-id=\"14ae920\" data-element_type=\"widget\" data-widget_type=\"text-editor.default\">\n\t\t\t\t<div class=\"elementor-widget-container\">\n\t\t\t\t\t\t\t\t\t<p>El responsable del tratamiento de los datos personales facilitados es la Universidad de Lleida (UdL) (datos de contacto del representante: Secretar\u00eda General, Pla\u00e7a de V\u00edctor Siurana, 1, 25003 Lleida, <a href=\"mailto:sg@udl.cat\">sg@udl.cat<\/a>; datos de contacto del delegado de protecci\u00f3n de datos: <a href=\"mailto:dpd@udl.cat\">dpd@udl.cat<\/a>).<\/p><p>Los datos solo se utilizar\u00e1n para gestionar la respuesta a su solicitud, de acuerdo con el texto del mensaje.<\/p><p>La UdL est\u00e1 legitimada para tratar estos datos si usted da el consentimiento, y mientras no desista de su solicitud.<\/p><p>Los datos se conservar\u00e1n durante el tiempo necesario para gestionar la respuesta a su solicitud, de acuerdo con el texto del mensaje, y mientras no prescriban las posibles responsabilidades que se pudieran derivar. Se destruir\u00e1n en los t\u00e9rminos y condiciones previstos en la normativa sobre conservaci\u00f3n y eliminaci\u00f3n de los documentos administrativos de la UdL y en las tablas de evaluaci\u00f3n documental aprobadas por la Generalidad de Catalu\u00f1a (<a href=\"http:\/\/www.udl.cat\/ca\/serveis\/arxiu\/archivo\/\">http:\/\/www.udl.cat\/ca\/serveis\/arxiu\/archivo\/<\/a>).<\/p><p>La UdL no ceder\u00e1 ni comunicar\u00e1 los datos a terceros, salvo en los casos estrictamente previstos en la Ley.<\/p><p>Puede acceder a sus datos; solicitar su rectificaci\u00f3n, supresi\u00f3n o portabilidad; oponerse al tratamiento, y solicitar la limitaci\u00f3n de su tratamiento, siempre que sea compatible con las finalidades de su solicitud, mediante un escrito enviado a la direcci\u00f3n <a href=\"mailto:dpd@udl.cat\">dpd@udl.cat<\/a>. Tambi\u00e9n puede presentar una reclamaci\u00f3n dirigida a la Autoridad Catalana de Protecci\u00f3n de Datos, mediante la sede electr\u00f3nica de la Autoridad o por medios no electr\u00f3nicos.<\/p>\t\t\t\t\t\t\t\t<\/div>\n\t\t\t\t<\/div>\n\t\t\t\t\t<\/div>\n\t\t\t\t<\/div>\n\t\t\t\t\t<\/div>\n\t\t\t\t<\/div>\n\t\t\t\t<\/div>\n\t\t","protected":false},"excerpt":{"rendered":"<p>Formularios web Protecci\u00f3n de datos personales El responsable del tratamiento de los datos personales facilitados es la Universidad de Lleida (UdL) (datos de contacto del representante: Secretar\u00eda General, Pla\u00e7a de V\u00edctor Siurana, 1, 25003 Lleida, sg@udl.cat; datos de contacto del delegado de protecci\u00f3n de datos: dpd@udl.cat). Los datos solo se utilizar\u00e1n para gestionar la respuesta [&hellip;]<\/p>\n","protected":false},"author":1,"featured_media":0,"parent":0,"menu_order":0,"comment_status":"closed","ping_status":"closed","template":"","meta":{"footnotes":""},"class_list":["post-146","page","type-page","status-publish","hentry"],"_links":{"self":[{"href":"https:\/\/mindfulnessycompasion.com\/index.php\/wp-json\/wp\/v2\/pages\/146","targetHints":{"allow":["GET"]}}],"collection":[{"href":"https:\/\/mindfulnessycompasion.com\/index.php\/wp-json\/wp\/v2\/pages"}],"about":[{"href":"https:\/\/mindfulnessycompasion.com\/index.php\/wp-json\/wp\/v2\/types\/page"}],"author":[{"embeddable":true,"href":"https:\/\/mindfulnessycompasion.com\/index.php\/wp-json\/wp\/v2\/users\/1"}],"replies":[{"embeddable":true,"href":"https:\/\/mindfulnessycompasion.com\/index.php\/wp-json\/wp\/v2\/comments?post=146"}],"version-history":[{"count":25,"href":"https:\/\/mindfulnessycompasion.com\/index.php\/wp-json\/wp\/v2\/pages\/146\/revisions"}],"predecessor-version":[{"id":3103,"href":"https:\/\/mindfulnessycompasion.com\/index.php\/wp-json\/wp\/v2\/pages\/146\/revisions\/3103"}],"wp:attachment":[{"href":"https:\/\/mindfulnessycompasion.com\/index.php\/wp-json\/wp\/v2\/media?parent=146"}],"curies":[{"name":"wp","href":"https:\/\/api.w.org\/{rel}","templated":true}]}}